{"id":4133,"date":"2024-06-14T16:08:48","date_gmt":"2024-06-14T16:08:48","guid":{"rendered":"https:\/\/optiquevalmy.com\/?page_id=4133"},"modified":"2024-09-05T13:55:06","modified_gmt":"2024-09-05T11:55:06","slug":"modalites-des-offres","status":"publish","type":"page","link":"https:\/\/optiquevalmy.com\/?page_id=4133","title":{"rendered":"Modalit\u00e9s des offres"},"content":{"rendered":"<p class=\"p1\">Offres non valable sur un premier \u00e9quipement \u00e9quip\u00e9, en tout ou partie (monture et\/ou verres), d\u2019un produit b\u00e9n\u00e9ficiant d\u2019un tarif sp\u00e9cial au titre du forfait 100% sant\u00e9 \/ Classe A.<\/p>\n<p class=\"p1\"><b>50\u20ac de remise sur la premi\u00e8re paire<\/b> : Offre valable pour l\u2019achat d\u2019un \u00e9quipement hors 100% sant\u00e9, offre fid\u00e9lit\u00e9 ou parrainage uniquement.<\/p>\n<p class=\"p1\"><b>Forfait 2\u00e8me paire \u00e0 partir d\u2019 1\u20ac :<\/b> monture parmi une s\u00e9lection, \u00e9quip\u00e9e de 2 verres unifocaux 1.5 blancs avec traitement anti-reflets ou 2 verres unifocaux 1.5 teint\u00e9s (sph\u00e8re -6\/+6, cylindre 2).<\/p>\n<p class=\"p1\"><b>Forfait 2\u00e8me paire -20% sur la monture de marque + verres offerts :<\/b> valable pour l\u2019achat d\u2019une monture de marque, \u00e9quip\u00e9e de 2 verres unifocaux 1.5 blancs avec traitement anti-reflets ou 2 verres unifocaux 1.5 teint\u00e9s (sph\u00e8re -6\/+6, cylindre 2).<\/p>\n","protected":false},"excerpt":{"rendered":"<p>Offres non valable sur un premier \u00e9quipement \u00e9quip\u00e9, en tout ou partie (monture et\/ou verres), d\u2019un produit b\u00e9n\u00e9ficiant d\u2019un tarif sp\u00e9cial au titre du forfait 100% sant\u00e9 \/ Classe A. 50\u20ac de remise sur la premi\u00e8re paire : Offre valable pour l\u2019achat d\u2019un \u00e9quipement hors 100% sant\u00e9, offre fid\u00e9lit\u00e9 ou parrainage uniquement. Forfait 2\u00e8me paire [&hellip;]<\/p>\n","protected":false},"author":1,"featured_media":0,"parent":0,"menu_order":0,"comment_status":"closed","ping_status":"closed","template":"","meta":{"footnotes":""},"class_list":["post-4133","page","type-page","status-publish","hentry"],"yoast_head":"<!-- This site is optimized with the Yoast SEO plugin v22.8 - https:\/\/yoast.com\/wordpress\/plugins\/seo\/ -->\n<title>Modalit\u00e9s des offres - Optique Valmy<\/title>\n<meta name=\"robots\" content=\"index, follow, max-snippet:-1, max-image-preview:large, max-video-preview:-1\" \/>\n<link rel=\"canonical\" href=\"https:\/\/optiquevalmy.com\/?page_id=4133\" \/>\n<meta property=\"og:locale\" content=\"en_US\" \/>\n<meta property=\"og:type\" content=\"article\" \/>\n<meta property=\"og:title\" content=\"Modalit\u00e9s des offres - Optique Valmy\" \/>\n<meta property=\"og:description\" content=\"Offres non valable sur un premier \u00e9quipement \u00e9quip\u00e9, en tout ou partie (monture et\/ou verres), d\u2019un produit b\u00e9n\u00e9ficiant d\u2019un tarif sp\u00e9cial au titre du forfait 100% sant\u00e9 \/ Classe A. 50\u20ac de remise sur la premi\u00e8re paire : Offre valable pour l\u2019achat d\u2019un \u00e9quipement hors 100% sant\u00e9, offre fid\u00e9lit\u00e9 ou parrainage uniquement. Forfait 2\u00e8me paire [&hellip;]\" \/>\n<meta property=\"og:url\" content=\"https:\/\/optiquevalmy.com\/?page_id=4133\" \/>\n<meta property=\"og:site_name\" content=\"Optique Valmy\" \/>\n<meta property=\"article:publisher\" content=\"https:\/\/www.facebook.com\/ValmyOptique\/\" \/>\n<meta property=\"article:modified_time\" content=\"2024-09-05T11:55:06+00:00\" \/>\n<meta name=\"twitter:card\" content=\"summary_large_image\" \/>\n<meta name=\"twitter:label1\" content=\"Est. reading time\" \/>\n\t<meta name=\"twitter:data1\" content=\"1 minute\" \/>\n<script type=\"application\/ld+json\" class=\"yoast-schema-graph\">{\"@context\":\"https:\/\/schema.org\",\"@graph\":[{\"@type\":\"WebPage\",\"@id\":\"https:\/\/optiquevalmy.com\/?page_id=4133\",\"url\":\"https:\/\/optiquevalmy.com\/?page_id=4133\",\"name\":\"Modalit\u00e9s des offres - Optique Valmy\",\"isPartOf\":{\"@id\":\"https:\/\/optiquevalmy.com\/#website\"},\"datePublished\":\"2024-06-14T16:08:48+00:00\",\"dateModified\":\"2024-09-05T11:55:06+00:00\",\"breadcrumb\":{\"@id\":\"https:\/\/optiquevalmy.com\/?page_id=4133#breadcrumb\"},\"inLanguage\":\"en-US\",\"potentialAction\":[{\"@type\":\"ReadAction\",\"target\":[\"https:\/\/optiquevalmy.com\/?page_id=4133\"]}]},{\"@type\":\"BreadcrumbList\",\"@id\":\"https:\/\/optiquevalmy.com\/?page_id=4133#breadcrumb\",\"itemListElement\":[{\"@type\":\"ListItem\",\"position\":1,\"name\":\"Home\",\"item\":\"https:\/\/optiquevalmy.com\/\"},{\"@type\":\"ListItem\",\"position\":2,\"name\":\"Modalit\u00e9s des offres\"}]},{\"@type\":\"WebSite\",\"@id\":\"https:\/\/optiquevalmy.com\/#website\",\"url\":\"https:\/\/optiquevalmy.com\/\",\"name\":\"Optique Valmy\",\"description\":\"Votre opticien ind\u00e9pendant \u00e0 Grenoble depuis 1967.\",\"publisher\":{\"@id\":\"https:\/\/optiquevalmy.com\/#organization\"},\"potentialAction\":[{\"@type\":\"SearchAction\",\"target\":{\"@type\":\"EntryPoint\",\"urlTemplate\":\"https:\/\/optiquevalmy.com\/?s={search_term_string}\"},\"query-input\":\"required name=search_term_string\"}],\"inLanguage\":\"en-US\"},{\"@type\":\"Organization\",\"@id\":\"https:\/\/optiquevalmy.com\/#organization\",\"name\":\"Optique Valmy\",\"url\":\"https:\/\/optiquevalmy.com\/\",\"logo\":{\"@type\":\"ImageObject\",\"inLanguage\":\"en-US\",\"@id\":\"https:\/\/optiquevalmy.com\/#\/schema\/logo\/image\/\",\"url\":\"https:\/\/optiquevalmy.com\/wp-content\/uploads\/2024\/06\/Optique-Valmy-1.png\",\"contentUrl\":\"https:\/\/optiquevalmy.com\/wp-content\/uploads\/2024\/06\/Optique-Valmy-1.png\",\"width\":962,\"height\":1024,\"caption\":\"Optique Valmy\"},\"image\":{\"@id\":\"https:\/\/optiquevalmy.com\/#\/schema\/logo\/image\/\"},\"sameAs\":[\"https:\/\/www.facebook.com\/ValmyOptique\/\"]}]}<\/script>\n<!-- \/ Yoast SEO plugin. -->","yoast_head_json":{"title":"Modalit\u00e9s des offres - Optique Valmy","robots":{"index":"index","follow":"follow","max-snippet":"max-snippet:-1","max-image-preview":"max-image-preview:large","max-video-preview":"max-video-preview:-1"},"canonical":"https:\/\/optiquevalmy.com\/?page_id=4133","og_locale":"en_US","og_type":"article","og_title":"Modalit\u00e9s des offres - Optique Valmy","og_description":"Offres non valable sur un premier \u00e9quipement \u00e9quip\u00e9, en tout ou partie (monture et\/ou verres), d\u2019un produit b\u00e9n\u00e9ficiant d\u2019un tarif sp\u00e9cial au titre du forfait 100% sant\u00e9 \/ Classe A. 50\u20ac de remise sur la premi\u00e8re paire : Offre valable pour l\u2019achat d\u2019un \u00e9quipement hors 100% sant\u00e9, offre fid\u00e9lit\u00e9 ou parrainage uniquement. Forfait 2\u00e8me paire [&hellip;]","og_url":"https:\/\/optiquevalmy.com\/?page_id=4133","og_site_name":"Optique Valmy","article_publisher":"https:\/\/www.facebook.com\/ValmyOptique\/","article_modified_time":"2024-09-05T11:55:06+00:00","twitter_card":"summary_large_image","twitter_misc":{"Est. reading time":"1 minute"},"schema":{"@context":"https:\/\/schema.org","@graph":[{"@type":"WebPage","@id":"https:\/\/optiquevalmy.com\/?page_id=4133","url":"https:\/\/optiquevalmy.com\/?page_id=4133","name":"Modalit\u00e9s des offres - Optique Valmy","isPartOf":{"@id":"https:\/\/optiquevalmy.com\/#website"},"datePublished":"2024-06-14T16:08:48+00:00","dateModified":"2024-09-05T11:55:06+00:00","breadcrumb":{"@id":"https:\/\/optiquevalmy.com\/?page_id=4133#breadcrumb"},"inLanguage":"en-US","potentialAction":[{"@type":"ReadAction","target":["https:\/\/optiquevalmy.com\/?page_id=4133"]}]},{"@type":"BreadcrumbList","@id":"https:\/\/optiquevalmy.com\/?page_id=4133#breadcrumb","itemListElement":[{"@type":"ListItem","position":1,"name":"Home","item":"https:\/\/optiquevalmy.com\/"},{"@type":"ListItem","position":2,"name":"Modalit\u00e9s des offres"}]},{"@type":"WebSite","@id":"https:\/\/optiquevalmy.com\/#website","url":"https:\/\/optiquevalmy.com\/","name":"Optique Valmy","description":"Votre opticien ind\u00e9pendant \u00e0 Grenoble depuis 1967.","publisher":{"@id":"https:\/\/optiquevalmy.com\/#organization"},"potentialAction":[{"@type":"SearchAction","target":{"@type":"EntryPoint","urlTemplate":"https:\/\/optiquevalmy.com\/?s={search_term_string}"},"query-input":"required name=search_term_string"}],"inLanguage":"en-US"},{"@type":"Organization","@id":"https:\/\/optiquevalmy.com\/#organization","name":"Optique Valmy","url":"https:\/\/optiquevalmy.com\/","logo":{"@type":"ImageObject","inLanguage":"en-US","@id":"https:\/\/optiquevalmy.com\/#\/schema\/logo\/image\/","url":"https:\/\/optiquevalmy.com\/wp-content\/uploads\/2024\/06\/Optique-Valmy-1.png","contentUrl":"https:\/\/optiquevalmy.com\/wp-content\/uploads\/2024\/06\/Optique-Valmy-1.png","width":962,"height":1024,"caption":"Optique Valmy"},"image":{"@id":"https:\/\/optiquevalmy.com\/#\/schema\/logo\/image\/"},"sameAs":["https:\/\/www.facebook.com\/ValmyOptique\/"]}]}},"_links":{"self":[{"href":"https:\/\/optiquevalmy.com\/index.php?rest_route=\/wp\/v2\/pages\/4133","targetHints":{"allow":["GET"]}}],"collection":[{"href":"https:\/\/optiquevalmy.com\/index.php?rest_route=\/wp\/v2\/pages"}],"about":[{"href":"https:\/\/optiquevalmy.com\/index.php?rest_route=\/wp\/v2\/types\/page"}],"author":[{"embeddable":true,"href":"https:\/\/optiquevalmy.com\/index.php?rest_route=\/wp\/v2\/users\/1"}],"replies":[{"embeddable":true,"href":"https:\/\/optiquevalmy.com\/index.php?rest_route=%2Fwp%2Fv2%2Fcomments&post=4133"}],"version-history":[{"count":4,"href":"https:\/\/optiquevalmy.com\/index.php?rest_route=\/wp\/v2\/pages\/4133\/revisions"}],"predecessor-version":[{"id":4162,"href":"https:\/\/optiquevalmy.com\/index.php?rest_route=\/wp\/v2\/pages\/4133\/revisions\/4162"}],"wp:attachment":[{"href":"https:\/\/optiquevalmy.com\/index.php?rest_route=%2Fwp%2Fv2%2Fmedia&parent=4133"}],"curies":[{"name":"wp","href":"https:\/\/api.w.org\/{rel}","templated":true}]}}